{"id":36,"date":"2025-04-06T09:24:40","date_gmt":"2025-04-06T07:24:40","guid":{"rendered":"https:\/\/ifswithdaniel.com\/?page_id=36"},"modified":"2025-04-28T14:16:50","modified_gmt":"2025-04-28T12:16:50","slug":"vad-ar-ifs","status":"publish","type":"page","link":"https:\/\/ifswithdaniel.com\/en\/vad-ar-ifs\/","title":{"rendered":"<h2 style=\"color: #763e96; text-align: center;\">IFS: A Loving Way to Meet Yourself<\/h2>"},"content":{"rendered":"<blockquote class=\"wp-block-quote is-layout-flow wp-block-quote-is-layout-flow\">\n<p class=\"wp-block-paragraph\"><em>Here, you are invited to explore a form of therapy that helps you do just that \u2013 Internal Family Systems (IFS).<\/em><\/p>\n<\/blockquote>\n\n\n\n<div style=\"height:53px\" aria-hidden=\"true\" class=\"wp-block-spacer\"><\/div>\n\n\n\n<div style=\"height:72px\" aria-hidden=\"true\" class=\"wp-block-spacer\"><\/div>\n\n\n\n<p class=\"wp-block-paragraph\">You who have already walked a part of your inner journey, yet still feel divided \u2013 as if different parts of you are pulling in different directions. <\/p>\n\n\n\n<p class=\"wp-block-paragraph\">One part longs to rest. Another part says you don't deserve it. <\/p>\n\n\n\n<p class=\"wp-block-paragraph\">I meet you there, right in the midst of the inner chaos, and help you listen inward. I am with you \u2014 not to guide or control, but to hold space. To help you meet what has been too difficult to feel alone. <\/p>\n\n\n\n<p class=\"wp-block-paragraph\">IFS is not about fixing yourself.\nIt\u2019s about understanding yourself \u2014 with presence and love.\nWhen all parts are seen, transformation happens from within.<\/p>\n\n\n\n<p class=\"wp-block-paragraph\">It\u2019s a path back home to yourself, with love as your compass.<\/p>\n\n\n\n<div style=\"height:90px\" aria-hidden=\"true\" class=\"wp-block-spacer\"><\/div>\n\n\n\n<h2 class=\"wp-block-heading\">What is IFS?<\/h2>\n\n\n\n<p class=\"wp-block-paragraph\">IFS is a therapy method that helps you understand and harmonize your inner parts, for example your inner child, leading to greater self-awareness and inner balance.<\/p>\n\n\n\n<p class=\"wp-block-paragraph\">One part may be self-critical.\nAnother strives to perform.\nA third carries pain from childhood. <\/p>\n\n\n\n<p class=\"wp-block-paragraph\">IFS helps you meet these parts with compassion instead of resistance. <\/p>\n\n\n\n<p class=\"wp-block-paragraph\">When all parts are heard, deep healing and inner harmony naturally emerge.<\/p>\n\n\n\n<div style=\"height:99px\" aria-hidden=\"true\" class=\"wp-block-spacer\"><\/div>\n\n\n\n<h2 class=\"wp-block-heading\">\ud83d\udc9c How can IFS support your inner journey?<\/h2>\n\n\n\n<p class=\"wp-block-paragraph\"><strong>IFS can support you if you are experiencing self-criticism, stress, or emotional overwhelm.<\/strong><\/p>\n\n\n\n<p class=\"wp-block-paragraph\">If you long for inner safety.<\/p>\n\n\n\n<p class=\"wp-block-paragraph\">If you no longer want to push away your feelings but meet them \u2014 with presence and love.<\/p>\n\n\n\n<p class=\"wp-block-paragraph\">If you carry an awareness, a deep longing, and a wound that has not yet been allowed to fully heal.<\/p>\n\n\n\n<p class=\"wp-block-paragraph\">IFS can help you:<\/p>\n\n\n\n<ul class=\"wp-block-list\">\n<li><strong>Meet your inner critic without fighting back,<\/strong>not by convincing it, but by listening. Through this, self-love grows naturally.<br><\/li>\n\n\n\n<li><strong>Create a safe space within you where all feelings are welcome,<\/strong>allowing inner peace to take root and blossom in its own time.<br><\/li>\n\n\n\n<li><strong>See your protective parts with understanding instead of frustration,<\/strong>creating internal cooperation instead of conflict.<br><\/li>\n\n\n\n<li><strong>Let go of control and rest into trust,<\/strong> beyond performance, roles, and facades.<br><\/li>\n\n\n\n<li><strong>Feel more alive, more loving, more at home within yourself,<\/strong>as if something deep inside you is finally allowed to breathe.<br><\/li>\n<\/ul>\n\n\n\n<p class=\"wp-block-paragraph\">This is for you who know that healing isn't about doing more \u2014 but about daring to be with what is already there.\nAnd perhaps, for the first time, not needing to be alone in it.<\/p>\n\n\n\n<div style=\"height:99px\" aria-hidden=\"true\" class=\"wp-block-spacer\"><\/div>\n\n\n\n<h2 class=\"wp-block-heading\">What an IFS Session Looks Like<\/h2>\n\n\n\n<p class=\"wp-block-paragraph\">Our conversations \u2014 inspired by IFS \u2014 are gentle, present, and always at your pace, on your terms. <\/p>\n\n\n\n<p class=\"wp-block-paragraph\">We begin by arriving together.\nThen, I gently guide you inward, to connect with a part of you that wants to be listened to right now. It might be a part that feels anxious, sad, angry, or carries something from long ago.<\/p>\n\n\n\n<p class=\"wp-block-paragraph\">You are awake, aware, and fully in control during the entire session.\nI don't direct or push you \u2014 I follow you where you want to go, with presence, safety, and respect.<\/p>\n\n\n\n<p class=\"wp-block-paragraph\">You don't need to \"understand\" your parts beforehand.\nCuriosity is enough.\nThe rest will unfold naturally between us.<\/p>\n\n\n\n<div style=\"height:100px\" aria-hidden=\"true\" class=\"wp-block-spacer\"><\/div>\n\n\n\n<h2 class=\"wp-block-heading\">Are you curious about exploring IFS?<\/h2>\n\n\n\n<p class=\"wp-block-paragraph\">You don't need to be completely sure.\nIt's enough if something inside you feels a little curious.\nA small \"maybe,\" a longing, a sense that this could be something for you.<\/p>\n\n\n\n<p class=\"wp-block-paragraph\"><strong>Are you feeling that curiosity?<\/strong><\/p>\n\n\n\n<p class=\"wp-block-paragraph\"><br>You are warmly welcome to book a free introductory call.\nOr simply write a few lines \u2014 and we'll take it from there.\nYou will be met exactly where you are.<\/p>\n\n\n\n<div style=\"height:49px\" aria-hidden=\"true\" class=\"wp-block-spacer\"><\/div>\n\n\n\n<p class=\"wp-block-paragraph\">Ready to explore IFS together with me?<\/p>\n\n\n\n<div style=\"height:80px\" aria-hidden=\"true\" class=\"wp-block-spacer\"><\/div>\n\n\n\n<div class=\"wp-block-buttons is-layout-flex wp-block-buttons-is-layout-flex\">\n<div class=\"wp-block-button\"><a class=\"wp-block-button__link wp-element-button\" href=\"https:\/\/www.bokadirekt.se\/places\/daniel-rashid-129209\">Book a free introductory call<\/a><\/div>\n<\/div>\n\n\n\n<div style=\"height:180px\" aria-hidden=\"true\" class=\"wp-block-spacer\"><\/div>\n\n\n\n<p class=\"wp-block-paragraph\">Daniel Rashid<br>IFS-based therapy  \u2022 Stockholm &amp; online<br>\ud83d\udce7 daniel@inretrygghet.se<br>\ud83c\udf0d Sessions available in Swedish or English \u2014 wherever you are in the world<\/p>","protected":false},"excerpt":{"rendered":"<p>H\u00e4r f\u00e5r du m\u00f6ta en terapiform som hj\u00e4lper dig g\u00f6ra just det \u2013 Internal Family Systems (IFS). Du som har vandrat en bit p\u00e5 din inre resa, men fortfarande k\u00e4nner dig splittrad \u2013 som om olika delar drar \u00e5t olika h\u00e5ll. En del av dig vill vila. En annan s\u00e4ger att du inte f\u00f6rtj\u00e4nar det. [&hellip;]<\/p>\n","protected":false},"author":263934486,"featured_media":0,"parent":0,"menu_order":0,"comment_status":"closed","ping_status":"closed","template":"","meta":{"_crdt_document":"","jetpack_post_was_ever_published":false,"footnotes":""},"class_list":["post-36","page","type-page","status-publish","hentry"],"yoast_head":"<!-- This site is optimized with the Yoast SEO plugin v27.3 - https:\/\/yoast.com\/product\/yoast-seo-wordpress\/ -->\n<title>IFS: Ett k\u00e4rleksfullt s\u00e4tt att m\u00f6ta dig sj\u00e4lv - Samtal med Daniel Rashid i Stockholm - IFS<\/title>\n<meta name=\"description\" content=\"Vad \u00e4r Internal Family Systems (IFS)? Uppt\u00e4ck hur IFS-terapi hj\u00e4lper dig m\u00f6ta och l\u00e4ka dina inre delar med f\u00f6rst\u00e5else och skapa inre trygghet.\" \/>\n<meta name=\"robots\" content=\"index, follow, max-snippet:-1, max-image-preview:large, max-video-preview:-1\" \/>\n<link rel=\"canonical\" href=\"https:\/\/ifswithdaniel.com\/en\/vad-ar-ifs\/\" \/>\n<meta property=\"og:locale\" content=\"en_US\" \/>\n<meta property=\"og:type\" content=\"article\" \/>\n<meta property=\"og:title\" content=\"IFS: Ett k\u00e4rleksfullt s\u00e4tt att m\u00f6ta dig sj\u00e4lv - Samtal med Daniel Rashid i Stockholm - IFS\" \/>\n<meta property=\"og:description\" content=\"Vad \u00e4r Internal Family Systems (IFS)? Uppt\u00e4ck hur IFS-terapi hj\u00e4lper dig m\u00f6ta och l\u00e4ka dina inre delar med f\u00f6rst\u00e5else och skapa inre trygghet.\" \/>\n<meta property=\"og:url\" content=\"https:\/\/ifswithdaniel.com\/en\/vad-ar-ifs\/\" \/>\n<meta property=\"og:site_name\" content=\"Samtal med Daniel Rashid i Stockholm - IFS\" \/>\n<meta property=\"article:modified_time\" content=\"2025-04-28T12:16:50+00:00\" \/>\n<meta name=\"twitter:card\" content=\"summary_large_image\" \/>\n<meta name=\"twitter:label1\" content=\"Est. reading time\" \/>\n\t<meta name=\"twitter:data1\" content=\"3 minutes\" \/>\n<script type=\"application\/ld+json\" class=\"yoast-schema-graph\">{\"@context\":\"https:\\\/\\\/schema.org\",\"@graph\":[{\"@type\":\"WebPage\",\"@id\":\"https:\\\/\\\/ifswithdaniel.com\\\/vad-ar-ifs\\\/\",\"url\":\"https:\\\/\\\/ifswithdaniel.com\\\/vad-ar-ifs\\\/\",\"name\":\"IFS: Ett k\u00e4rleksfullt s\u00e4tt att m\u00f6ta dig sj\u00e4lv - Samtal med Daniel Rashid i Stockholm - IFS\",\"isPartOf\":{\"@id\":\"https:\\\/\\\/ifswithdaniel.com\\\/#website\"},\"datePublished\":\"2025-04-06T07:24:40+00:00\",\"dateModified\":\"2025-04-28T12:16:50+00:00\",\"description\":\"Vad \u00e4r Internal Family Systems (IFS)? Uppt\u00e4ck hur IFS-terapi hj\u00e4lper dig m\u00f6ta och l\u00e4ka dina inre delar med f\u00f6rst\u00e5else och skapa inre trygghet.\",\"breadcrumb\":{\"@id\":\"https:\\\/\\\/ifswithdaniel.com\\\/vad-ar-ifs\\\/#breadcrumb\"},\"inLanguage\":\"en-US\",\"potentialAction\":[{\"@type\":\"ReadAction\",\"target\":[\"https:\\\/\\\/ifswithdaniel.com\\\/vad-ar-ifs\\\/\"]}]},{\"@type\":\"BreadcrumbList\",\"@id\":\"https:\\\/\\\/ifswithdaniel.com\\\/vad-ar-ifs\\\/#breadcrumb\",\"itemListElement\":[{\"@type\":\"ListItem\",\"position\":1,\"name\":\"Hem\",\"item\":\"https:\\\/\\\/ifswithdaniel.com\\\/\"},{\"@type\":\"ListItem\",\"position\":2,\"name\":\"IFS: Ett k\u00e4rleksfullt s\u00e4tt att m\u00f6ta dig sj\u00e4lv\"}]},{\"@type\":\"WebSite\",\"@id\":\"https:\\\/\\\/ifswithdaniel.com\\\/#website\",\"url\":\"https:\\\/\\\/ifswithdaniel.com\\\/\",\"name\":\"Samtal med Daniel Rashid i Stockholm - IFS\",\"description\":\"Du beh\u00f6ver inte bli annorlunda \u2013 bara m\u00f6tas med k\u00e4rlek.\",\"potentialAction\":[{\"@type\":\"SearchAction\",\"target\":{\"@type\":\"EntryPoint\",\"urlTemplate\":\"https:\\\/\\\/ifswithdaniel.com\\\/?s={search_term_string}\"},\"query-input\":{\"@type\":\"PropertyValueSpecification\",\"valueRequired\":true,\"valueName\":\"search_term_string\"}}],\"inLanguage\":\"en-US\"}]}<\/script>\n<!-- \/ Yoast SEO plugin. -->","yoast_head_json":{"title":"IFS: Ett k\u00e4rleksfullt s\u00e4tt att m\u00f6ta dig sj\u00e4lv - Samtal med Daniel Rashid i Stockholm - IFS","description":"Vad \u00e4r Internal Family Systems (IFS)? Uppt\u00e4ck hur IFS-terapi hj\u00e4lper dig m\u00f6ta och l\u00e4ka dina inre delar med f\u00f6rst\u00e5else och skapa inre trygghet.","robots":{"index":"index","follow":"follow","max-snippet":"max-snippet:-1","max-image-preview":"max-image-preview:large","max-video-preview":"max-video-preview:-1"},"canonical":"https:\/\/ifswithdaniel.com\/en\/vad-ar-ifs\/","og_locale":"en_US","og_type":"article","og_title":"IFS: Ett k\u00e4rleksfullt s\u00e4tt att m\u00f6ta dig sj\u00e4lv - Samtal med Daniel Rashid i Stockholm - IFS","og_description":"Vad \u00e4r Internal Family Systems (IFS)? Uppt\u00e4ck hur IFS-terapi hj\u00e4lper dig m\u00f6ta och l\u00e4ka dina inre delar med f\u00f6rst\u00e5else och skapa inre trygghet.","og_url":"https:\/\/ifswithdaniel.com\/en\/vad-ar-ifs\/","og_site_name":"Samtal med Daniel Rashid i Stockholm - IFS","article_modified_time":"2025-04-28T12:16:50+00:00","twitter_card":"summary_large_image","twitter_misc":{"Est. reading time":"3 minutes"},"schema":{"@context":"https:\/\/schema.org","@graph":[{"@type":"WebPage","@id":"https:\/\/ifswithdaniel.com\/vad-ar-ifs\/","url":"https:\/\/ifswithdaniel.com\/vad-ar-ifs\/","name":"IFS: Ett k\u00e4rleksfullt s\u00e4tt att m\u00f6ta dig sj\u00e4lv - Samtal med Daniel Rashid i Stockholm - IFS","isPartOf":{"@id":"https:\/\/ifswithdaniel.com\/#website"},"datePublished":"2025-04-06T07:24:40+00:00","dateModified":"2025-04-28T12:16:50+00:00","description":"Vad \u00e4r Internal Family Systems (IFS)? Uppt\u00e4ck hur IFS-terapi hj\u00e4lper dig m\u00f6ta och l\u00e4ka dina inre delar med f\u00f6rst\u00e5else och skapa inre trygghet.","breadcrumb":{"@id":"https:\/\/ifswithdaniel.com\/vad-ar-ifs\/#breadcrumb"},"inLanguage":"en-US","potentialAction":[{"@type":"ReadAction","target":["https:\/\/ifswithdaniel.com\/vad-ar-ifs\/"]}]},{"@type":"BreadcrumbList","@id":"https:\/\/ifswithdaniel.com\/vad-ar-ifs\/#breadcrumb","itemListElement":[{"@type":"ListItem","position":1,"name":"Hem","item":"https:\/\/ifswithdaniel.com\/"},{"@type":"ListItem","position":2,"name":"IFS: Ett k\u00e4rleksfullt s\u00e4tt att m\u00f6ta dig sj\u00e4lv"}]},{"@type":"WebSite","@id":"https:\/\/ifswithdaniel.com\/#website","url":"https:\/\/ifswithdaniel.com\/","name":"Samtal med Daniel Rashid i Stockholm - IFS","description":"Du beh\u00f6ver inte bli annorlunda \u2013 bara m\u00f6tas med k\u00e4rlek.","potentialAction":[{"@type":"SearchAction","target":{"@type":"EntryPoint","urlTemplate":"https:\/\/ifswithdaniel.com\/?s={search_term_string}"},"query-input":{"@type":"PropertyValueSpecification","valueRequired":true,"valueName":"search_term_string"}}],"inLanguage":"en-US"}]}},"jetpack_likes_enabled":true,"jetpack_sharing_enabled":true,"jetpack_shortlink":"https:\/\/wp.me\/Pgsnmr-A","jetpack-related-posts":[],"_links":{"self":[{"href":"https:\/\/ifswithdaniel.com\/en\/wp-json\/wp\/v2\/pages\/36","targetHints":{"allow":["GET"]}}],"collection":[{"href":"https:\/\/ifswithdaniel.com\/en\/wp-json\/wp\/v2\/pages"}],"about":[{"href":"https:\/\/ifswithdaniel.com\/en\/wp-json\/wp\/v2\/types\/page"}],"author":[{"embeddable":true,"href":"https:\/\/ifswithdaniel.com\/en\/wp-json\/wp\/v2\/users\/263934486"}],"replies":[{"embeddable":true,"href":"https:\/\/ifswithdaniel.com\/en\/wp-json\/wp\/v2\/comments?post=36"}],"version-history":[{"count":23,"href":"https:\/\/ifswithdaniel.com\/en\/wp-json\/wp\/v2\/pages\/36\/revisions"}],"predecessor-version":[{"id":369,"href":"https:\/\/ifswithdaniel.com\/en\/wp-json\/wp\/v2\/pages\/36\/revisions\/369"}],"wp:attachment":[{"href":"https:\/\/ifswithdaniel.com\/en\/wp-json\/wp\/v2\/media?parent=36"}],"curies":[{"name":"wp","href":"https:\/\/api.w.org\/{rel}","templated":true}]}}