{"id":40,"date":"2025-04-06T09:40:22","date_gmt":"2025-04-06T07:40:22","guid":{"rendered":"https:\/\/ifswithdaniel.com\/?page_id=40"},"modified":"2025-06-08T09:56:04","modified_gmt":"2025-06-08T07:56:04","slug":"kontakt-och-bokning","status":"publish","type":"page","link":"https:\/\/ifswithdaniel.com\/en\/kontakt-och-bokning\/","title":{"rendered":"<h2 style=\"color: #763e96;\">Contact and booking<\/h2>"},"content":{"rendered":"<p class=\"wp-block-paragraph\">Would you like to book a session or do you have any questions?<\/p>\n\n\n\n<p class=\"wp-block-paragraph\">Fill in the form below, and I will get back to you as soon as I can.\nYou are also warmly welcome to call me at 073-378 88 59.\u00a0<\/p>\n\n\n\n<p class=\"wp-block-paragraph\">You don\u2019t need to know exactly what you are looking for \u2014 it's enough that you feel curious.<\/p>\n\n\n\n<p class=\"wp-block-paragraph\">You are welcome just as you are. I look forward to hearing from you!<\/p>\n\n\n\n<p class=\"wp-block-paragraph\"><em>Sessions can be held in Swedish or English.<\/em><\/p>\n\n\n\n<div style=\"height:71px\" aria-hidden=\"true\" class=\"wp-block-spacer\"><\/div>\n\n\n<form action=\"https:\/\/formspree.io\/f\/mvgkllvb\" method=\"POST\" style=\"max-width: 500px; margin: 0 auto;\">\n  <label for=\"name\">Name:<\/label><br>\n  <input type=\"text\" name=\"name\" id=\"name\" required style=\"width: 100%; padding: 8px; margin-bottom: 15px;\"><br>\n\n  <label for=\"email\">Email:<\/label><br>\n  <input type=\"email\" name=\"email\" id=\"email\" required style=\"width: 100%; padding: 8px; margin-bottom: 15px;\"><br>\n\n  <label for=\"message\">Message:<\/label><br>\n  <textarea name=\"message\" id=\"message\" rows=\"5\" required style=\"width: 100%; padding: 8px; margin-bottom: 15px;\"><\/textarea><br>\n\n  <label for=\"referral\">How did you find me? (optional)<\/label><br>\n  <input type=\"text\" name=\"referral\" id=\"referral\" style=\"width: 100%; padding: 8px; margin-bottom: 20px;\"><br>\n\n <button type=\"submit\" style=\"  background-color: #6B705C;  color: white;  padding: 12px 24px;  border: none;  border-radius: 8px;  font-size: 16px;  font-family: inherit;  cursor: pointer;  box-shadow: 0 2px 6px rgba(0,0,0,0.15);  transition: background-color 0.3s ease;\">\n  Send\n<\/button>\n\n\n<p class=\"wp-block-paragraph\"><\/p>\n\n\n\n<div style=\"height:84px\" aria-hidden=\"true\" class=\"wp-block-spacer\"><\/div>\n\n\n\n<h2 class=\"wp-block-heading\">Location<\/h2>\n\n\n\n<p class=\"wp-block-paragraph\">I welcome you to a calm and cozy room in \u00c4lvsj\u00f6, south of Stockholm \u2014 just a few minutes' walk from the train station. It only takes 9 minutes from T-Centralen with commuter train.<\/p>\n\n\n\n<p class=\"wp-block-paragraph\">You will receive the exact address upon booking.<\/p>\n\n\n\n<p class=\"wp-block-paragraph\"><\/p>\n\n\n\n<p class=\"wp-block-paragraph\">Would you prefer to meet online?\nThat works just as well \u2014 I also offer sessions via Zoom.<\/p>\n\n\n\n<div style=\"height:180px\" aria-hidden=\"true\" class=\"wp-block-spacer\"><\/div>\n\n\n\n<p class=\"wp-block-paragraph\">Daniel Rashid<br>IFS-based therapy  \u2022 Stockholm &amp; online<br>\ud83d\udce7 daniel@inretrygghet.se<br>\ud83c\udf0d Sessions available in Swedish or English \u2014 wherever you are in the world<\/p>","protected":false},"excerpt":{"rendered":"<p>Vill du boka ett samtal eller har du fr\u00e5gor? Fyll i formul\u00e4ret nedan s\u00e5 \u00e5terkommer jag till dig s\u00e5 snart jag kan. Du \u00e4r ocks\u00e5 varmt v\u00e4lkommen att ringa mig p\u00e5 072-981 20 12.\u00a0 Du beh\u00f6ver inte veta exakt vad du s\u00f6ker \u2013 det r\u00e4cker att du \u00e4r nyfiken. Du \u00e4r v\u00e4lkommen precis som du [&hellip;]<\/p>\n","protected":false},"author":263934486,"featured_media":0,"parent":0,"menu_order":0,"comment_status":"closed","ping_status":"closed","template":"","meta":{"_crdt_document":"","jetpack_post_was_ever_published":false,"footnotes":""},"class_list":["post-40","page","type-page","status-publish","hentry"],"yoast_head":"<!-- This site is optimized with the Yoast SEO plugin v27.3 - https:\/\/yoast.com\/product\/yoast-seo-wordpress\/ -->\n<title>Kontakt och bokning - Samtal med Daniel Rashid i Stockholm - IFS<\/title>\n<meta name=\"description\" content=\"Boka ett gratis introsamtal med Daniel Rashid \u2013 IFS-terapi online eller i Stockholm. H\u00e4r hittar du kontaktuppgifter och hur du enkelt tar f\u00f6rsta steget.\" \/>\n<meta name=\"robots\" content=\"index, follow, max-snippet:-1, max-image-preview:large, max-video-preview:-1\" \/>\n<link rel=\"canonical\" href=\"https:\/\/ifswithdaniel.com\/en\/kontakt-och-bokning\/\" \/>\n<meta property=\"og:locale\" content=\"en_US\" \/>\n<meta property=\"og:type\" content=\"article\" \/>\n<meta property=\"og:title\" content=\"Kontakt och bokning - Samtal med Daniel Rashid i Stockholm - IFS\" \/>\n<meta property=\"og:description\" content=\"Boka ett gratis introsamtal med Daniel Rashid \u2013 IFS-terapi online eller i Stockholm. H\u00e4r hittar du kontaktuppgifter och hur du enkelt tar f\u00f6rsta steget.\" \/>\n<meta property=\"og:url\" content=\"https:\/\/ifswithdaniel.com\/en\/kontakt-och-bokning\/\" \/>\n<meta property=\"og:site_name\" content=\"Samtal med Daniel Rashid i Stockholm - IFS\" \/>\n<meta property=\"article:modified_time\" content=\"2025-06-08T07:56:04+00:00\" \/>\n<meta name=\"twitter:card\" content=\"summary_large_image\" \/>\n<meta name=\"twitter:label1\" content=\"Est. reading time\" \/>\n\t<meta name=\"twitter:data1\" content=\"1 minute\" \/>\n<script type=\"application\/ld+json\" class=\"yoast-schema-graph\">{\"@context\":\"https:\\\/\\\/schema.org\",\"@graph\":[{\"@type\":\"WebPage\",\"@id\":\"https:\\\/\\\/ifswithdaniel.com\\\/kontakt-och-bokning\\\/\",\"url\":\"https:\\\/\\\/ifswithdaniel.com\\\/kontakt-och-bokning\\\/\",\"name\":\"Kontakt och bokning - Samtal med Daniel Rashid i Stockholm - IFS\",\"isPartOf\":{\"@id\":\"https:\\\/\\\/ifswithdaniel.com\\\/#website\"},\"datePublished\":\"2025-04-06T07:40:22+00:00\",\"dateModified\":\"2025-06-08T07:56:04+00:00\",\"description\":\"Boka ett gratis introsamtal med Daniel Rashid \u2013 IFS-terapi online eller i Stockholm. H\u00e4r hittar du kontaktuppgifter och hur du enkelt tar f\u00f6rsta steget.\",\"breadcrumb\":{\"@id\":\"https:\\\/\\\/ifswithdaniel.com\\\/kontakt-och-bokning\\\/#breadcrumb\"},\"inLanguage\":\"en-US\",\"potentialAction\":[{\"@type\":\"ReadAction\",\"target\":[\"https:\\\/\\\/ifswithdaniel.com\\\/kontakt-och-bokning\\\/\"]}]},{\"@type\":\"BreadcrumbList\",\"@id\":\"https:\\\/\\\/ifswithdaniel.com\\\/kontakt-och-bokning\\\/#breadcrumb\",\"itemListElement\":[{\"@type\":\"ListItem\",\"position\":1,\"name\":\"Hem\",\"item\":\"https:\\\/\\\/ifswithdaniel.com\\\/\"},{\"@type\":\"ListItem\",\"position\":2,\"name\":\"Kontakt och bokning\"}]},{\"@type\":\"WebSite\",\"@id\":\"https:\\\/\\\/ifswithdaniel.com\\\/#website\",\"url\":\"https:\\\/\\\/ifswithdaniel.com\\\/\",\"name\":\"Samtal med Daniel Rashid i Stockholm - IFS\",\"description\":\"Du beh\u00f6ver inte bli annorlunda \u2013 bara m\u00f6tas med k\u00e4rlek.\",\"potentialAction\":[{\"@type\":\"SearchAction\",\"target\":{\"@type\":\"EntryPoint\",\"urlTemplate\":\"https:\\\/\\\/ifswithdaniel.com\\\/?s={search_term_string}\"},\"query-input\":{\"@type\":\"PropertyValueSpecification\",\"valueRequired\":true,\"valueName\":\"search_term_string\"}}],\"inLanguage\":\"en-US\"}]}<\/script>\n<!-- \/ Yoast SEO plugin. -->","yoast_head_json":{"title":"Kontakt och bokning - Samtal med Daniel Rashid i Stockholm - IFS","description":"Boka ett gratis introsamtal med Daniel Rashid \u2013 IFS-terapi online eller i Stockholm. H\u00e4r hittar du kontaktuppgifter och hur du enkelt tar f\u00f6rsta steget.","robots":{"index":"index","follow":"follow","max-snippet":"max-snippet:-1","max-image-preview":"max-image-preview:large","max-video-preview":"max-video-preview:-1"},"canonical":"https:\/\/ifswithdaniel.com\/en\/kontakt-och-bokning\/","og_locale":"en_US","og_type":"article","og_title":"Kontakt och bokning - Samtal med Daniel Rashid i Stockholm - IFS","og_description":"Boka ett gratis introsamtal med Daniel Rashid \u2013 IFS-terapi online eller i Stockholm. H\u00e4r hittar du kontaktuppgifter och hur du enkelt tar f\u00f6rsta steget.","og_url":"https:\/\/ifswithdaniel.com\/en\/kontakt-och-bokning\/","og_site_name":"Samtal med Daniel Rashid i Stockholm - IFS","article_modified_time":"2025-06-08T07:56:04+00:00","twitter_card":"summary_large_image","twitter_misc":{"Est. reading time":"1 minute"},"schema":{"@context":"https:\/\/schema.org","@graph":[{"@type":"WebPage","@id":"https:\/\/ifswithdaniel.com\/kontakt-och-bokning\/","url":"https:\/\/ifswithdaniel.com\/kontakt-och-bokning\/","name":"Kontakt och bokning - Samtal med Daniel Rashid i Stockholm - IFS","isPartOf":{"@id":"https:\/\/ifswithdaniel.com\/#website"},"datePublished":"2025-04-06T07:40:22+00:00","dateModified":"2025-06-08T07:56:04+00:00","description":"Boka ett gratis introsamtal med Daniel Rashid \u2013 IFS-terapi online eller i Stockholm. H\u00e4r hittar du kontaktuppgifter och hur du enkelt tar f\u00f6rsta steget.","breadcrumb":{"@id":"https:\/\/ifswithdaniel.com\/kontakt-och-bokning\/#breadcrumb"},"inLanguage":"en-US","potentialAction":[{"@type":"ReadAction","target":["https:\/\/ifswithdaniel.com\/kontakt-och-bokning\/"]}]},{"@type":"BreadcrumbList","@id":"https:\/\/ifswithdaniel.com\/kontakt-och-bokning\/#breadcrumb","itemListElement":[{"@type":"ListItem","position":1,"name":"Hem","item":"https:\/\/ifswithdaniel.com\/"},{"@type":"ListItem","position":2,"name":"Kontakt och bokning"}]},{"@type":"WebSite","@id":"https:\/\/ifswithdaniel.com\/#website","url":"https:\/\/ifswithdaniel.com\/","name":"Samtal med Daniel Rashid i Stockholm - IFS","description":"Du beh\u00f6ver inte bli annorlunda \u2013 bara m\u00f6tas med k\u00e4rlek.","potentialAction":[{"@type":"SearchAction","target":{"@type":"EntryPoint","urlTemplate":"https:\/\/ifswithdaniel.com\/?s={search_term_string}"},"query-input":{"@type":"PropertyValueSpecification","valueRequired":true,"valueName":"search_term_string"}}],"inLanguage":"en-US"}]}},"jetpack_likes_enabled":true,"jetpack_sharing_enabled":true,"jetpack_shortlink":"https:\/\/wp.me\/Pgsnmr-E","jetpack-related-posts":[],"_links":{"self":[{"href":"https:\/\/ifswithdaniel.com\/en\/wp-json\/wp\/v2\/pages\/40","targetHints":{"allow":["GET"]}}],"collection":[{"href":"https:\/\/ifswithdaniel.com\/en\/wp-json\/wp\/v2\/pages"}],"about":[{"href":"https:\/\/ifswithdaniel.com\/en\/wp-json\/wp\/v2\/types\/page"}],"author":[{"embeddable":true,"href":"https:\/\/ifswithdaniel.com\/en\/wp-json\/wp\/v2\/users\/263934486"}],"replies":[{"embeddable":true,"href":"https:\/\/ifswithdaniel.com\/en\/wp-json\/wp\/v2\/comments?post=40"}],"version-history":[{"count":33,"href":"https:\/\/ifswithdaniel.com\/en\/wp-json\/wp\/v2\/pages\/40\/revisions"}],"predecessor-version":[{"id":453,"href":"https:\/\/ifswithdaniel.com\/en\/wp-json\/wp\/v2\/pages\/40\/revisions\/453"}],"wp:attachment":[{"href":"https:\/\/ifswithdaniel.com\/en\/wp-json\/wp\/v2\/media?parent=40"}],"curies":[{"name":"wp","href":"https:\/\/api.w.org\/{rel}","templated":true}]}}